{"id":8036,"date":"2024-04-19T16:33:32","date_gmt":"2024-04-19T20:33:32","guid":{"rendered":"https:\/\/www.beauroc.com\/?page_id=8036"},"modified":"2024-09-26T14:36:12","modified_gmt":"2024-09-26T18:36:12","slug":"brochures","status":"publish","type":"page","link":"https:\/\/www.beauroc.com\/fr\/produits\/brochures\/","title":{"rendered":"Brochures"},"content":{"rendered":"\t\t<div data-elementor-type=\"wp-page\" data-elementor-id=\"8036\" class=\"elementor elementor-8036 elementor-37\" data-elementor-post-type=\"page\">\n\t\t\t\t<div class=\"elementor-element elementor-element-1346c38 e-flex e-con-boxed e-con e-parent\" data-id=\"1346c38\" data-element_type=\"container\" data-e-type=\"container\">\n\t\t\t\t\t<div class=\"e-con-inner\">\n\t\t\t\t<div class=\"elementor-element elementor-element-1bb3fde elementor-widget__width-inherit elementor-widget elementor-widget-heading\" data-id=\"1bb3fde\" data-element_type=\"widget\" data-e-type=\"widget\" data-widget_type=\"heading.default\">\n\t\t\t\t<div class=\"elementor-widget-container\">\n\t\t\t\t\t<h2 class=\"elementor-heading-title elementor-size-default\"> <span style=\"font-weight:600\">Brochures<\/span>  <\/h2>\t\t\t\t<\/div>\n\t\t\t\t<\/div>\n\t\t\t\t<div class=\"elementor-element elementor-element-1f3fe53 elementor-widget__width-initial elementor-position-top elementor-widget elementor-widget-image-box\" data-id=\"1f3fe53\" data-element_type=\"widget\" data-e-type=\"widget\" data-widget_type=\"image-box.default\">\n\t\t\t\t<div class=\"elementor-widget-container\">\n\t\t\t\t\t<div class=\"elementor-image-box-wrapper\"><figure class=\"elementor-image-box-img\"><a href=\"https:\/\/www.beauroc.com\/wp-content\/uploads\/2024\/07\/DIMANT-STD.pdf\" target=\"_blank\" title=\"DIAMOND TANDEM - MULTI-LIFT AXLE\" tabindex=\"-1\"><img fetchpriority=\"high\" decoding=\"async\" width=\"927\" height=\"1200\" src=\"https:\/\/www.beauroc.com\/wp-content\/uploads\/2024\/09\/DIMANT-STD-1.jpg\" class=\"attachment-full size-full wp-image-8303\" alt=\"\" \/><\/a><\/figure><div class=\"elementor-image-box-content\"><h3 class=\"elementor-image-box-title\"><a href=\"https:\/\/www.beauroc.com\/wp-content\/uploads\/2024\/07\/DIMANT-STD.pdf\" target=\"_blank\" title=\"DIAMOND TANDEM - MULTI-LIFT AXLE\">DIAMANT - ESSIEUX MULTIPLES RELEVABLE<\/a><\/h3><\/div><\/div>\t\t\t\t<\/div>\n\t\t\t\t<\/div>\n\t\t\t\t<div class=\"elementor-element elementor-element-1f91850 elementor-widget__width-initial elementor-position-top elementor-widget elementor-widget-image-box\" data-id=\"1f91850\" data-element_type=\"widget\" data-e-type=\"widget\" data-widget_type=\"image-box.default\">\n\t\t\t\t<div class=\"elementor-widget-container\">\n\t\t\t\t\t<div class=\"elementor-image-box-wrapper\"><figure class=\"elementor-image-box-img\"><a href=\"https:\/\/www.beauroc.com\/wp-content\/uploads\/2024\/07\/DIAMANT-ESSIEU-SIMPLE-TANDEM.pdf\" target=\"_blank\" title=\"DIAMOND SINGLE\" tandem=\"\" tabindex=\"-1\"><img decoding=\"async\" width=\"927\" height=\"1200\" src=\"https:\/\/www.beauroc.com\/wp-content\/uploads\/2024\/09\/DIAMANT-ESSIEU-SIMPLE-TANDEM-1.jpg\" class=\"attachment-full size-full wp-image-8305\" alt=\"\" \/><\/a><\/figure><div class=\"elementor-image-box-content\"><h3 class=\"elementor-image-box-title\"><a href=\"https:\/\/www.beauroc.com\/wp-content\/uploads\/2024\/07\/DIAMANT-ESSIEU-SIMPLE-TANDEM.pdf\" target=\"_blank\" title=\"DIAMOND SINGLE\" tandem=\"\">DIAMANT - ESSIEU SIMPLE, TANDEM<\/a><\/h3><\/div><\/div>\t\t\t\t<\/div>\n\t\t\t\t<\/div>\n\t\t\t\t<div class=\"elementor-element elementor-element-057729c elementor-widget__width-initial elementor-position-top elementor-widget elementor-widget-image-box\" data-id=\"057729c\" data-element_type=\"widget\" data-e-type=\"widget\" data-widget_type=\"image-box.default\">\n\t\t\t\t<div class=\"elementor-widget-container\">\n\t\t\t\t\t<div class=\"elementor-image-box-wrapper\"><figure class=\"elementor-image-box-img\"><a href=\"https:\/\/www.beauroc.com\/wp-content\/uploads\/2024\/07\/COTE-LISSES.pdf\" target=\"_blank\" title=\"CLEAN SIDE\" tabindex=\"-1\"><img decoding=\"async\" width=\"927\" height=\"1200\" src=\"https:\/\/www.beauroc.com\/wp-content\/uploads\/2024\/09\/COTE-LISSES-1.jpg\" class=\"attachment-full size-full wp-image-8307\" alt=\"\" \/><\/a><\/figure><div class=\"elementor-image-box-content\"><h3 class=\"elementor-image-box-title\"><a href=\"https:\/\/www.beauroc.com\/wp-content\/uploads\/2024\/07\/COTE-LISSES.pdf\" target=\"_blank\" title=\"CLEAN SIDE\">C\u00d4T\u00c9 LISSE<\/a><\/h3><\/div><\/div>\t\t\t\t<\/div>\n\t\t\t\t<\/div>\n\t\t\t\t<div class=\"elementor-element elementor-element-c7b1dc1 elementor-widget__width-initial elementor-position-top elementor-widget elementor-widget-image-box\" data-id=\"c7b1dc1\" data-element_type=\"widget\" data-e-type=\"widget\" data-widget_type=\"image-box.default\">\n\t\t\t\t<div class=\"elementor-widget-container\">\n\t\t\t\t\t<div class=\"elementor-image-box-wrapper\"><figure class=\"elementor-image-box-img\"><a href=\"https:\/\/www.beauroc.com\/wp-content\/uploads\/2024\/07\/TRADITIONELS.pdf\" target=\"_blank\" title=\"TRADITIONAL\" tabindex=\"-1\"><img loading=\"lazy\" decoding=\"async\" width=\"927\" height=\"1200\" src=\"https:\/\/www.beauroc.com\/wp-content\/uploads\/2024\/09\/TRADITIONELS-1.jpg\" class=\"attachment-full size-full wp-image-8299\" alt=\"\" \/><\/a><\/figure><div class=\"elementor-image-box-content\"><h3 class=\"elementor-image-box-title\"><a href=\"https:\/\/www.beauroc.com\/wp-content\/uploads\/2024\/07\/TRADITIONELS.pdf\" target=\"_blank\" title=\"TRADITIONAL\">TRADITIONNELLES<\/a><\/h3><\/div><\/div>\t\t\t\t<\/div>\n\t\t\t\t<\/div>\n\t\t\t\t<div class=\"elementor-element elementor-element-08935ea elementor-widget__width-initial elementor-position-top elementor-widget elementor-widget-image-box\" data-id=\"08935ea\" data-element_type=\"widget\" data-e-type=\"widget\" data-widget_type=\"image-box.default\">\n\t\t\t\t<div class=\"elementor-widget-container\">\n\t\t\t\t\t<div class=\"elementor-image-box-wrapper\"><figure class=\"elementor-image-box-img\"><a href=\"https:\/\/www.beauroc.com\/wp-content\/uploads\/2024\/07\/TRADITIONELS-HEAVY-DUTY.pdf\" target=\"_blank\" title=\"TRADITIONAL\" tabindex=\"-1\"><img loading=\"lazy\" decoding=\"async\" width=\"927\" height=\"1200\" src=\"https:\/\/www.beauroc.com\/wp-content\/uploads\/2024\/09\/TRADITIONELS-HEAVY-DUTY-1.jpg\" class=\"attachment-full size-full wp-image-8297\" alt=\"\" \/><\/a><\/figure><div class=\"elementor-image-box-content\"><h3 class=\"elementor-image-box-title\"><a href=\"https:\/\/www.beauroc.com\/wp-content\/uploads\/2024\/07\/TRADITIONELS-HEAVY-DUTY.pdf\" target=\"_blank\" title=\"TRADITIONAL\">TRADITIONNELLES ROBUSTES<\/a><\/h3><\/div><\/div>\t\t\t\t<\/div>\n\t\t\t\t<\/div>\n\t\t\t\t<div class=\"elementor-element elementor-element-ca10975 elementor-widget__width-initial elementor-position-top elementor-widget elementor-widget-image-box\" data-id=\"ca10975\" data-element_type=\"widget\" data-e-type=\"widget\" data-widget_type=\"image-box.default\">\n\t\t\t\t<div class=\"elementor-widget-container\">\n\t\t\t\t\t<div class=\"elementor-image-box-wrapper\"><figure class=\"elementor-image-box-img\"><a href=\"https:\/\/www.beauroc.com\/wp-content\/uploads\/2024\/07\/DIAMANT-BARIL.pdf\" target=\"_blank\" title=\"DIAMOND BARREL\" tabindex=\"-1\"><img loading=\"lazy\" decoding=\"async\" width=\"927\" height=\"1200\" src=\"https:\/\/www.beauroc.com\/wp-content\/uploads\/2024\/09\/BARIL-1.jpg\" class=\"attachment-full size-full wp-image-8309\" alt=\"\" \/><\/a><\/figure><div class=\"elementor-image-box-content\"><h3 class=\"elementor-image-box-title\"><a href=\"https:\/\/www.beauroc.com\/wp-content\/uploads\/2024\/07\/DIAMANT-BARIL.pdf\" target=\"_blank\" title=\"DIAMOND BARREL\">BENNES BARILS<\/a><\/h3><\/div><\/div>\t\t\t\t<\/div>\n\t\t\t\t<\/div>\n\t\t\t\t<div class=\"elementor-element elementor-element-2921213 elementor-widget__width-initial elementor-position-top elementor-widget elementor-widget-image-box\" data-id=\"2921213\" data-element_type=\"widget\" data-e-type=\"widget\" data-widget_type=\"image-box.default\">\n\t\t\t\t<div class=\"elementor-widget-container\">\n\t\t\t\t\t<div class=\"elementor-image-box-wrapper\"><figure class=\"elementor-image-box-img\"><a href=\"https:\/\/www.beauroc.com\/wp-content\/uploads\/2024\/07\/POLYVALENTE.pdf\" target=\"_blank\" title=\"MULTI-PURPOSE\" tabindex=\"-1\"><img loading=\"lazy\" decoding=\"async\" width=\"927\" height=\"1200\" src=\"https:\/\/www.beauroc.com\/wp-content\/uploads\/2024\/09\/POLYVALENTE-1.jpg\" class=\"attachment-full size-full wp-image-8301\" alt=\"\" \/><\/a><\/figure><div class=\"elementor-image-box-content\"><h3 class=\"elementor-image-box-title\"><a href=\"https:\/\/www.beauroc.com\/wp-content\/uploads\/2024\/07\/POLYVALENTE.pdf\" target=\"_blank\" title=\"MULTI-PURPOSE\">BENNES POLYVALENTES<\/a><\/h3><\/div><\/div>\t\t\t\t<\/div>\n\t\t\t\t<\/div>\n\t\t\t\t<div class=\"elementor-element elementor-element-6051e5f elementor-widget__width-initial elementor-position-top elementor-widget elementor-widget-image-box\" data-id=\"6051e5f\" data-element_type=\"widget\" data-e-type=\"widget\" data-widget_type=\"image-box.default\">\n\t\t\t\t<div class=\"elementor-widget-container\">\n\t\t\t\t\t<div class=\"elementor-image-box-wrapper\"><figure class=\"elementor-image-box-img\"><a href=\"https:\/\/www.beauroc.com\/wp-content\/uploads\/2024\/07\/ULTRA.pdf\" target=\"_blank\" title=\"ULTRA\" tabindex=\"-1\"><img loading=\"lazy\" decoding=\"async\" width=\"927\" height=\"1200\" src=\"https:\/\/www.beauroc.com\/wp-content\/uploads\/2024\/09\/ULTRA-1.jpg\" class=\"attachment-full size-full wp-image-8295\" alt=\"\" \/><\/a><\/figure><div class=\"elementor-image-box-content\"><h3 class=\"elementor-image-box-title\"><a href=\"https:\/\/www.beauroc.com\/wp-content\/uploads\/2024\/07\/ULTRA.pdf\" target=\"_blank\" title=\"ULTRA\">BENNES ULTRA<\/a><\/h3><\/div><\/div>\t\t\t\t<\/div>\n\t\t\t\t<\/div>\n\t\t\t\t<div class=\"elementor-element elementor-element-3c242ed elementor-widget__width-initial elementor-position-top elementor-widget elementor-widget-image-box\" data-id=\"3c242ed\" data-element_type=\"widget\" data-e-type=\"widget\" data-widget_type=\"image-box.default\">\n\t\t\t\t<div class=\"elementor-widget-container\">\n\t\t\t\t\t<div class=\"elementor-image-box-wrapper\"><figure class=\"elementor-image-box-img\"><a href=\"https:\/\/www.beauroc.com\/wp-content\/uploads\/2024\/07\/ACIER-INOX.pdf\" target=\"_blank\" title=\"STAINLESS STEEL\" tabindex=\"-1\"><img loading=\"lazy\" decoding=\"async\" width=\"927\" height=\"1200\" src=\"https:\/\/www.beauroc.com\/wp-content\/uploads\/2024\/09\/ACIER-INOX-1.jpg\" class=\"attachment-full size-full wp-image-8311\" alt=\"\" \/><\/a><\/figure><div class=\"elementor-image-box-content\"><h3 class=\"elementor-image-box-title\"><a href=\"https:\/\/www.beauroc.com\/wp-content\/uploads\/2024\/07\/ACIER-INOX.pdf\" target=\"_blank\" title=\"STAINLESS STEEL\">ACIER INOXYDABLE<\/a><\/h3><\/div><\/div>\t\t\t\t<\/div>\n\t\t\t\t<\/div>\n\t\t\t\t\t<\/div>\n\t\t\t\t<\/div>\n\t\t<div class=\"elementor-element elementor-element-6741363 e-flex e-con-boxed e-con e-parent\" data-id=\"6741363\" data-element_type=\"container\" data-e-type=\"container\">\n\t\t\t\t\t<div class=\"e-con-inner\">\n\t\t<div class=\"elementor-element elementor-element-27959fa e-con-full e-flex e-con e-child\" data-id=\"27959fa\" data-element_type=\"container\" data-e-type=\"container\">\n\t\t\t\t<\/div>\n\t\t<div class=\"elementor-element elementor-element-0f59427 e-con-full e-flex e-con e-child\" data-id=\"0f59427\" data-element_type=\"container\" data-e-type=\"container\">\n\t\t\t\t<\/div>\n\t\t<div class=\"elementor-element elementor-element-fcc394c e-con-full e-flex e-con e-child\" data-id=\"fcc394c\" data-element_type=\"container\" data-e-type=\"container\">\n\t\t\t\t<\/div>\n\t\t<div class=\"elementor-element elementor-element-451c2e8 e-con-full e-flex e-con e-child\" data-id=\"451c2e8\" data-element_type=\"container\" data-e-type=\"container\">\n\t\t\t\t<\/div>\n\t\t\t\t\t<\/div>\n\t\t\t\t<\/div>\n\t\t\t\t<\/div>\n\t\t","protected":false},"excerpt":{"rendered":"<p>Brochures DIAMANT &#8211; ESSIEUX MULTIPLES RELEVABLE DIAMANT &#8211; ESSIEU SIMPLE, TANDEM C\u00d4T\u00c9 LISSE TRADITIONNELLES TRADITIONNELLES ROBUSTES BENNES BARILS BENNES POLYVALENTES [&hellip;]<\/p>\n","protected":false},"author":2,"featured_media":0,"parent":7595,"menu_order":2,"comment_status":"closed","ping_status":"closed","template":"elementor_header_footer","meta":{"_acf_changed":false,"_seopress_robots_primary_cat":"","_seopress_titles_title":"Brochures sur les produits | Beau-Roc Inc.","_seopress_titles_desc":"Beau-Roc Inc. pr\u00e9sente des brochures de produits avec des bennes et des pi\u00e8ces de premi\u00e8re qualit\u00e9. Apprenez-en plus sur nos conceptions de haute qualit\u00e9 !","_seopress_robots_index":"","site-sidebar-layout":"no-sidebar","site-content-layout":"","ast-site-content-layout":"full-width-container","site-content-style":"default","site-sidebar-style":"default","ast-global-header-display":"","ast-banner-title-visibility":"","ast-main-header-display":"","ast-hfb-above-header-display":"","ast-hfb-below-header-display":"","ast-hfb-mobile-header-display":"","site-post-title":"disabled","ast-breadcrumbs-content":"","ast-featured-img":"disabled","footer-sml-layout":"","ast-disable-related-posts":"","theme-transparent-header-meta":"default","adv-header-id-meta":"","stick-header-meta":"","header-above-stick-meta":"","header-main-stick-meta":"","header-below-stick-meta":"","astra-migrate-meta-layouts":"set","ast-page-background-enabled":"default","ast-page-background-meta":{"desktop":{"background-color":"var(--ast-global-color-4)","background-image":"","background-repeat":"repeat","background-position":"center center","background-size":"auto","background-attachment":"scroll","background-type":"","background-media":"","overlay-type":"","overlay-color":"","overlay-opacity":"","overlay-gradient":""},"tablet":{"background-color":"","background-image":"","background-repeat":"repeat","background-position":"center center","background-size":"auto","background-attachment":"scroll","background-type":"","background-media":"","overlay-type":"","overlay-color":"","overlay-opacity":"","overlay-gradient":""},"mobile":{"background-color":"","background-image":"","background-repeat":"repeat","background-position":"center center","background-size":"auto","background-attachment":"scroll","background-type":"","background-media":"","overlay-type":"","overlay-color":"","overlay-opacity":"","overlay-gradient":""}},"ast-content-background-meta":{"desktop":{"background-color":"var(--ast-global-color-5)","background-image":"","background-repeat":"repeat","background-position":"center center","background-size":"auto","background-attachment":"scroll","background-type":"","background-media":"","overlay-type":"","overlay-color":"","overlay-opacity":"","overlay-gradient":""},"tablet":{"background-color":"var(--ast-global-color-5)","background-image":"","background-repeat":"repeat","background-position":"center center","background-size":"auto","background-attachment":"scroll","background-type":"","background-media":"","overlay-type":"","overlay-color":"","overlay-opacity":"","overlay-gradient":""},"mobile":{"background-color":"var(--ast-global-color-5)","background-image":"","background-repeat":"repeat","background-position":"center center","background-size":"auto","background-attachment":"scroll","background-type":"","background-media":"","overlay-type":"","overlay-color":"","overlay-opacity":"","overlay-gradient":""}},"footnotes":""},"class_list":["post-8036","page","type-page","status-publish","hentry"],"acf":[],"_links":{"self":[{"href":"https:\/\/www.beauroc.com\/fr\/wp-json\/wp\/v2\/pages\/8036","targetHints":{"allow":["GET"]}}],"collection":[{"href":"https:\/\/www.beauroc.com\/fr\/wp-json\/wp\/v2\/pages"}],"about":[{"href":"https:\/\/www.beauroc.com\/fr\/wp-json\/wp\/v2\/types\/page"}],"author":[{"embeddable":true,"href":"https:\/\/www.beauroc.com\/fr\/wp-json\/wp\/v2\/users\/2"}],"replies":[{"embeddable":true,"href":"https:\/\/www.beauroc.com\/fr\/wp-json\/wp\/v2\/comments?post=8036"}],"version-history":[{"count":10,"href":"https:\/\/www.beauroc.com\/fr\/wp-json\/wp\/v2\/pages\/8036\/revisions"}],"predecessor-version":[{"id":8608,"href":"https:\/\/www.beauroc.com\/fr\/wp-json\/wp\/v2\/pages\/8036\/revisions\/8608"}],"up":[{"embeddable":true,"href":"https:\/\/www.beauroc.com\/fr\/wp-json\/wp\/v2\/pages\/7595"}],"wp:attachment":[{"href":"https:\/\/www.beauroc.com\/fr\/wp-json\/wp\/v2\/media?parent=8036"}],"curies":[{"name":"wp","href":"https:\/\/api.w.org\/{rel}","templated":true}]}}